{"id":5727,"date":"2015-01-06T12:13:43","date_gmt":"2015-01-06T12:13:43","guid":{"rendered":"http:\/\/codex-themes.com\/scalia\/?page_id=5727"},"modified":"2021-01-13T23:06:05","modified_gmt":"2021-01-13T23:06:05","slug":"inicio","status":"publish","type":"page","link":"https:\/\/www.fibertecsas.com\/wp\/","title":{"rendered":"inicio"},"content":{"rendered":"<p>[vc_row full_width=&#8221;stretch_row_content_no_spaces&#8221; content_placement=&#8221;middle&#8221; css=&#8221;.vc_custom_1609704732878{margin-top: 0px !important;margin-right: 0px !important;margin-bottom: 28px !important;margin-left: 0px !important;border-top-width: 0px !important;border-right-width: 0px !important;border-bottom-width: 0px !important;border-left-width: 0px !important;padding-top: 0px !important;padding-right: 0px !important;padding-bottom: 0px !important;padding-left: 0px !important;}&#8221;][vc_column css=&#8221;.vc_custom_1609450697158{margin-top: 0px !important;margin-bottom: 0px !important;border-top-width: 0px !important;border-bottom-width: 0px !important;padding-top: 0px !important;padding-bottom: 0px !important;}&#8221;][vc_single_image image=&#8221;12039&#8243; img_size=&#8221;full&#8221; alignment=&#8221;center&#8221; css_animation=&#8221;none&#8221; css=&#8221;.vc_custom_1609451999992{margin-top: 0px !important;margin-right: 0px !important;margin-bottom: 0px !important;margin-left: 0px !important;border-top-width: 0px !important;border-right-width: 0px !important;border-bottom-width: 0px !important;border-left-width: 0px !important;padding-top: 0px !important;padding-right: 0px !important;padding-bottom: 0px !important;padding-left: 0px !important;}&#8221;][vc_empty_space height=&#8221;20px&#8221;][\/vc_column][\/vc_row][vc_row full_width=&#8221;stretch_row_content_no_spaces&#8221; content_placement=&#8221;middle&#8221; css=&#8221;.vc_custom_1609703749185{margin-top: 0px !important;margin-right: 0px !important;margin-bottom: 15px !important;margin-left: 0px !important;border-top-width: 0px !important;border-right-width: 0px !important;border-bottom-width: 0px !important;border-left-width: 0px !important;padding-top: 0px !important;padding-right: 0px !important;padding-bottom: 0px !important;padding-left: 0px !important;background-color: #f0f2f2 !important;}&#8221;][vc_column width=&#8221;1\/6&#8243; css=&#8221;.vc_custom_1609450697158{margin-top: 0px !important;margin-bottom: 0px !important;border-top-width: 0px !important;border-bottom-width: 0px !important;padding-top: 0px !important;padding-bottom: 0px !important;}&#8221;][\/vc_column][vc_column width=&#8221;2\/3&#8243;][vc_empty_space height=&#8221;35px&#8221;][vc_column_text css=&#8221;.vc_custom_1609959624689{padding-top: 70px !important;padding-bottom: 70px !important;background-color: #ffffff !important;}&#8221;]<\/p>\n<h4 style=\"text-align: center;\"><span style=\"color: #000000;\"><strong>Ingenier\u00eda en Telecomunicaciones, Energ\u00eda y Obras Civiles, Operaci\u00f3n &amp; Mantenimiento7x24x365, Fibra \u00d3ptica, FTTH, Instalaci\u00f3n, Interventor\u00eda, Dise\u00f1o y Asesor\u00edas.<\/strong><\/span><\/h4>\n<p>[\/vc_column_text][vc_empty_space height=&#8221;40&#8243;][\/vc_column][vc_column width=&#8221;1\/6&#8243;][\/vc_column][\/vc_row][vc_row full_width=&#8221;stretch_row_content_no_spaces&#8221; css=&#8221;.vc_custom_1610579006995{margin-top: 0px !important;margin-bottom: 0px !important;border-top-width: 0px !important;border-bottom-width: 0px !important;padding-top: 0px !important;padding-bottom: 0px !important;}&#8221;][vc_column][vc_media_grid style=&#8221;lazy&#8221; items_per_page=&#8221;12&#8243; element_width=&#8221;2&#8243; gap=&#8221;1&#8243; item=&#8221;masonryMedia_Default&#8221; grid_id=&#8221;vc_gid:1610579145624-df5eef81-65c0-3&#8243; include=&#8221;12165,12162,12163,12164,12160,12161,12157,12159,12158,12156,12155,12154&#8243;][\/vc_column][\/vc_row][vc_row css=&#8221;.vc_custom_1610579107308{margin-top: 0px !important;border-top-width: 0px !important;padding-top: 0px !important;padding-bottom: 20px !important;}&#8221;][vc_column]<div class=\"fullwidth-block clearfix\" style=\"background-image: url(https:\/\/www.fibertecsas.com\/wp\/wp-content\/uploads\/2021\/01\/20.jpg);background-position: center top;padding-top: 50px;padding-bottom: 50px;\"><div class=\"container\">[vc_empty_space height=&#8221;40&#8243;]<div class=\"sc-counter-box row inline-row inline-row-center \" ><div class=\"sc-counter col-md-3 col-sm-4 col-xs-6 inline-column\"><div class=\"sc-counter-number\"><div class=\"sc-counter-odometer\" data-to=\"429400\">0<\/div><\/div><div class=\"sc-counter-text\"><\/p>\n<h4><strong>CONSTRUCCI\u00d3N<\/strong><\/h4>\n<p><strong>Cobre, Fibra y Canalizaciones<\/strong><\/div><\/div><div class=\"sc-counter col-md-3 col-sm-4 col-xs-6 inline-column\"><div class=\"sc-counter-number\"><div class=\"sc-counter-odometer\" data-to=\"610540\">0<\/div><\/div><div class=\"sc-counter-text\"><\/p>\n<h4><strong>INSTALACI\u00d3N<\/strong><\/h4>\n<p><strong>LB, BA, TV y Radioenlaces<\/strong><\/div><\/div><div class=\"sc-counter col-md-3 col-sm-4 col-xs-6 inline-column\"><div class=\"sc-counter-number\"><div class=\"sc-counter-odometer\" data-to=\"520759\">0<\/div><\/div><div class=\"sc-counter-text\"><\/p>\n<h4><strong>MANTENIMIENTO<\/strong><\/h4>\n<p><strong>Fibra \u00d3ptica, Red FTTH y Radio Enlaces<\/strong><\/div><\/div><div class=\"sc-counter col-md-3 col-sm-4 col-xs-6 inline-column\"><div class=\"sc-counter-number\"><div class=\"sc-counter-odometer\" data-to=\"234000\">0<\/div><\/div><div class=\"sc-counter-text\"><\/p>\n<h4><strong>COMERCIALIZACION<\/strong><\/h4>\n<p><strong>Cables Trenzado Energ\u00eda, UTP, Fibra \u00d3ptica, Drop, NAP, ODF, Cajas de Empalme<\/strong><\/div><\/div><\/div><\/div><\/div>[\/vc_column][\/vc_row][vc_row full_width=&#8221;stretch_row_content_no_spaces&#8221; css=&#8221;.vc_custom_1609644377871{margin-top: 0px !important;margin-bottom: 15px !important;border-top-width: 0px !important;border-bottom-width: 0px !important;padding-top: 0px !important;padding-bottom: 0px !important;background-color: #f0f2f2 !important;}&#8221;][vc_column width=&#8221;1\/6&#8243;][\/vc_column][vc_column width=&#8221;2\/3&#8243;][vc_empty_space height=&#8221;40&#8243;][vc_column_text css=&#8221;.vc_custom_1609643684527{background-color: #ffffff !important;}&#8221;]<strong>\r\n            <style type=\"text\/css\">\r\n\r\n                \r\n                                .lcs_logo_container a.lcs_logo_link:hover { border: 1px solid #A0A0A0; ?>; }\r\n                .lcs_logo_container a:hover img { -moz-transform: scale(1.05); -webkit-transform: scale(1.05); -o-transform: scale(1.05); -ms-transform: scale(1.05); transform: scale(1.05); }\r\n                                                .lcs_logo_container a.lcs_logo_link, .lcs_logo_container a.lcs_logo_link:hover { border: none; }\r\n                                #lcs_logo_carousel_wrapper .owl-nav {\r\n                    position: absolute;\r\n                    margin-top: 0;\r\n                }\r\n\r\n                \/* TOP Right*\/\r\n                                #lcs_logo_carousel_wrapper .owl-nav {\r\n                    right: 0;\r\n                    top: -34px;\r\n                }\r\n                                \/* TOP Left*\/\r\n                \r\n                #lcs_logo_carousel_wrapper .owl-nav div {\r\n                    background: #ffffff;\r\n                    border-radius: 2px;\r\n                    margin: 2px;\r\n                    padding: 0;\r\n                    width: 27px;\r\n                    height: 27px;\r\n                    line-height: 20px;\r\n                    font-size: 22px;\r\n                    color: #ccc;\r\n                    border: 1px solid #ccc;\r\n                    opacity: 1;\r\n                    z-index: 999;\r\n                    -moz-transition: all 0.3s linear;\r\n                    -o-transition: all 0.3s linear;\r\n                    -webkit-transition: all 0.3s linear;\r\n                    transition: all 0.3s linear;\r\n            <\/style>\r\n\r\n                        <div id=\"lcs_logo_carousel_wrapper\">\r\n                <div id=\"lcs_logo_carousel_slider\" class=\"owl-carousel owl-theme\">\r\n                    \r\n                                                <div class=\"lcs_logo_container\">\r\n\r\n\r\n                                                            <a href=\"https:\/\/www.claro.com.co\/personas\/\" class=\"lcs_logo_link\" target=\"_blank\">\r\n                                    <img decoding=\"async\" src=\"https:\/\/www.fibertecsas.com\/wp\/wp-content\/uploads\/2021\/01\/2.jpg\" alt=\"\" \/>                                <\/a>\r\n                                                                                <\/div>\r\n                    \r\n                                                <div class=\"lcs_logo_container\">\r\n\r\n\r\n                                                            <a href=\"http:\/\/www.instrucontrolsas.com\/\" class=\"lcs_logo_link\" target=\"_blank\">\r\n                                    <img decoding=\"async\" src=\"https:\/\/www.fibertecsas.com\/wp\/wp-content\/uploads\/2021\/01\/9.png\" alt=\"\" \/>                                <\/a>\r\n                                                                                <\/div>\r\n                    \r\n                                                <div class=\"lcs_logo_container\">\r\n\r\n\r\n                                                            <a href=\"https:\/\/www.ifxnetworks.com\/\" class=\"lcs_logo_link\" target=\"_blank\">\r\n                                    <img decoding=\"async\" src=\"https:\/\/www.fibertecsas.com\/wp\/wp-content\/uploads\/2021\/01\/7.jpg\" alt=\"\" \/>                                <\/a>\r\n                                                                                <\/div>\r\n                    \r\n                                                <div class=\"lcs_logo_container\">\r\n\r\n\r\n                                                            <a href=\"https:\/\/www.ufinet.com\/\" class=\"lcs_logo_link\" target=\"_blank\">\r\n                                    <img decoding=\"async\" src=\"https:\/\/www.fibertecsas.com\/wp\/wp-content\/uploads\/2021\/01\/6.jpg\" alt=\"\" \/>                                <\/a>\r\n                                                                                <\/div>\r\n                    \r\n                                                <div class=\"lcs_logo_container\">\r\n\r\n\r\n                                                            <a href=\"https:\/\/cwcbusiness.com\/es\/\" class=\"lcs_logo_link\" target=\"_blank\">\r\n                                    <img decoding=\"async\" src=\"https:\/\/www.fibertecsas.com\/wp\/wp-content\/uploads\/2021\/01\/5.jpg\" alt=\"\" \/>                                <\/a>\r\n                                                                                <\/div>\r\n                    \r\n                                                <div class=\"lcs_logo_container\">\r\n\r\n\r\n                                                            <a href=\"https:\/\/www.ecopetrol.com.co\/wps\/portal\" class=\"lcs_logo_link\" target=\"_blank\">\r\n                                    <img decoding=\"async\" src=\"https:\/\/www.fibertecsas.com\/wp\/wp-content\/uploads\/2021\/01\/4.jpg\" alt=\"\" \/>                                <\/a>\r\n                                                                                <\/div>\r\n                    \r\n                                                <div class=\"lcs_logo_container\">\r\n\r\n\r\n                                                            <a href=\"https:\/\/www.enel.com.co\/es.html\" class=\"lcs_logo_link\" target=\"_blank\">\r\n                                    <img decoding=\"async\" src=\"https:\/\/www.fibertecsas.com\/wp\/wp-content\/uploads\/2021\/01\/3-1.png\" alt=\"\" \/>                                <\/a>\r\n                                                                                <\/div>\r\n                    \r\n                                                <div class=\"lcs_logo_container\">\r\n\r\n\r\n                                                            <a href=\"https:\/\/edgeuno.com\/\" class=\"lcs_logo_link\" target=\"_blank\">\r\n                                    <img decoding=\"async\" src=\"https:\/\/www.fibertecsas.com\/wp\/wp-content\/uploads\/2021\/01\/8.png\" alt=\"\" \/>                                <\/a>\r\n                                                                                <\/div>\r\n                    \r\n                                                <div class=\"lcs_logo_container\">\r\n\r\n\r\n                                                            <a href=\"https:\/\/etb.com\/\" class=\"lcs_logo_link\" target=\"_blank\">\r\n                                    <img decoding=\"async\" src=\"https:\/\/www.fibertecsas.com\/wp\/wp-content\/uploads\/2021\/01\/1.jpg\" alt=\"\" \/>                                <\/a>\r\n                                                                                <\/div>\r\n                                                        <\/div> <!-- End lcs_logo_carousel_slider -->\r\n            <\/div> <!--ends #lcs_logo_carousel_wrapper-->\r\n\r\n            <!--UPDATED Carousel VERSION CODE-->\r\n            <!--INITIALIZE THE SLIDER-->\r\n            <script>\r\n                jQuery(document).ready(function($){\r\n                    var logoSlider = $(\"#lcs_logo_carousel_slider\");\r\n\r\n                    logoSlider.owlCarousel({\r\n                        loop:true,\r\n                        autoWidth:false,\r\n                        responsiveClass:true,\r\n                        dots:false,\r\n                        autoplay:true,\r\n\r\n                        autoplayTimeout: 4000,\r\n                        autoplayHoverPause: false,\r\n                        dotData:true,\r\n                        dotsEach:false,\r\n                        slideBy:1,\r\n                        rtl:false,\r\n                        nav:false,\r\n                        navText:['\u2039','\u203a'],\r\n                        smartSpeed: 1000, \/\/ it smooths the transition\r\n                        responsive:{\r\n                            0 : {\r\n                                items:2\r\n                            },\r\n                            500: {\r\n                                items:3\r\n                            },\r\n                            600 : {\r\n                                items:3\r\n                            },\r\n                            768:{\r\n                                items:4\r\n                            },\r\n                            1199:{\r\n                                items:5                            }\r\n                        }\r\n                    });\r\n\r\n\r\n                    \/\/ custom navigation button for slider\r\n                    \/\/ at first. let us cache the element\r\n                    var $lcs_wrap = $('#lcs_logo_carousel_wrapper');\r\n                    \/\/ Go to the next item\r\n                    $lcs_wrap.on('click', '.prev', function () {\r\n                        logoSlider.trigger('prev.owl.carousel');\r\n                    });\r\n\r\n                    \/\/ Go to the previous item\r\n                    $lcs_wrap.on('click', '.next', function () {\r\n                        \/\/ With optional speed parameter\r\n                        \/\/ Parameters has to be in square bracket '[]'\r\n                        logoSlider.trigger('next.owl.carousel');\r\n                    })\r\n\r\n\r\n                });\r\n            <\/script>\r\n            <\/strong>[\/vc_column_text][vc_empty_space height=&#8221;75&#8243;][\/vc_column][vc_column width=&#8221;1\/6&#8243;][\/vc_column][\/vc_row][vc_row full_width=&#8221;stretch_row_content_no_spaces&#8221; css=&#8221;.vc_custom_1609644348517{margin-top: 0px !important;margin-bottom: 15px !important;border-top-width: 0px !important;border-bottom-width: 0px !important;padding-top: 0px !important;padding-bottom: 0px !important;}&#8221;][vc_column][vc_gmaps link=&#8221;#E-8_JTNDaWZyYW1lJTIwc3JjJTNEJTIyaHR0cHMlM0ElMkYlMkZ3d3cuZ29vZ2xlLmNvbSUyRm1hcHMlMkZlbWJlZCUzRnBiJTNEJTIxMW0xNCUyMTFtOCUyMTFtMyUyMTFkNzk1My40MjUzOTQ4NTk2NzYlMjEyZC03NC4xNDc2NDkyNDU3NzIxJTIxM2Q0LjY0NTI0NzQ2OTYwMTEyNiUyMTNtMiUyMTFpMTAyNCUyMTJpNzY4JTIxNGYxMy4xJTIxM20zJTIxMW0yJTIxMXMweDAlMjUzQTB4ODJjMzU1MGEzYjk0ZmI2ZSUyMTJzRmliZXJ0ZWMlMkJTQVMlMjE1ZTAlMjEzbTIlMjExc2VzJTIxMnNjbyUyMTR2MTU2MDM5MjM5Mzg3MSUyMTVtMiUyMTFzZXMlMjEyc2NvJTIyJTIwd2lkdGglM0QlMjIxMDAlMjUlMjIlMjBoZWlnaHQlM0QlMjIzMDAlMjIlMjBmcmFtZWJvcmRlciUzRCUyMjAlMjIlMjBzdHlsZSUzRCUyMmJvcmRlciUzQTAlMjIlMjBhbGxvd2Z1bGxzY3JlZW4lM0UlM0MlMkZpZnJhbWUlM0UlMEE=&#8221; css=&#8221;.vc_custom_1609644325608{margin-top: 0px !important;margin-bottom: 0px !important;border-top-width: 0px !important;border-bottom-width: 0px !important;padding-top: 0px !important;padding-bottom: 0px !important;}&#8221;][\/vc_column][\/vc_row][vc_row full_width=&#8221;stretch_row_content_no_spaces&#8221; css=&#8221;.vc_custom_1609644205926{margin-top: 0px !important;margin-bottom: 45px !important;border-top-width: 0px !important;border-bottom-width: 0px !important;padding-top: 0px !important;padding-bottom: 0px !important;background-color: #f0f2f2 !important;}&#8221;][vc_column width=&#8221;1\/6&#8243; css=&#8221;.vc_custom_1420800665201{padding-top: 25px !important;}&#8221;][\/vc_column][vc_column width=&#8221;2\/3&#8243;][vc_empty_space height=&#8221;75&#8243;][vc_column_text]<\/p>\n<h6 class=\"text-center nocaps Estilo10\" style=\"text-align: center;\"><span style=\"font-size: 17pt;\"><strong><span style=\"color: #000000;\">Desde su Origen las empresas asociadas se han impuesto la meta de trabajar con empe\u00f1o y profesionalismo, buscando estar a la vanguardia tecnol\u00f3gica y prestaci\u00f3n de servicios a nuestros clientes.<\/span><\/strong><\/span><\/h6>\n<h6 style=\"text-align: center;\"><strong><span style=\"font-size: 17pt;\"><span style=\"color: #000000;\">Brindamos soluciones integrales a nivel Regional, por ello creemos que podemos ofrecerles nuestros productos y servicios acorde a sus necesidades a un precio competitivo en el mercado.<\/span><\/span><\/strong><\/h6>\n<p>[\/vc_column_text][vc_empty_space height=&#8221;90&#8243;][\/vc_column][vc_column width=&#8221;1\/6&#8243;][\/vc_column][\/vc_row][vc_row full_width=&#8221;stretch_row_content_no_spaces&#8221; css=&#8221;.vc_custom_1609644186189{margin-top: 0px !important;margin-bottom: 45px !important;border-top-width: 0px !important;border-bottom-width: 0px !important;padding-top: 0px !important;padding-bottom: 0px !important;background-color: #0b94e4 !important;}&#8221;][vc_column width=&#8221;1\/3&#8243;][\/vc_column][vc_column width=&#8221;1\/3&#8243;][vc_empty_space height=&#8221;75&#8243;][vc_column_text]<\/p>\n<h3 class=\"color-white mt-0 Estilo3\" align=\"center\"><span style=\"font-size: 30pt;\"><strong><span style=\"color: #ffffff;\">REDES SOCIALES<\/span><\/strong><\/span><\/h3>\n<p>[\/vc_column_text][vc_column_text]<\/p>\n<div class=\"statistic result-box text-center\">\n<p><img decoding=\"async\" class=\"aligncenter\" src=\"http:\/\/www.fibertecsas.com\/wp\/wp-content\/uploads\/2021\/01\/0.png\" alt=\"\" usemap=\"#Map\" border=\"0\" \/><\/p>\n<map name=\"Map\">\n<area coords=\"133,0,216,92\" shape=\"rect\" href=\"https:\/\/www.instagram.com\/fibraoptica_energia\/\" target=\"_blank\" \/>\n<area coords=\"15,0,97,100\" shape=\"rect\" href=\"https:\/\/www.facebook.com\/FibertecSAS\/\" target=\"_blank\" \/>\n<area coords=\"255,-3,336,96\" shape=\"rect\" href=\"https:\/\/twitter.com\/fibertecsas\" target=\"_blank\" \/> <\/map>\n<\/div>\n<p>[\/vc_column_text][vc_empty_space height=&#8221;90&#8243;][\/vc_column][vc_column width=&#8221;1\/3&#8243;][\/vc_column][\/vc_row][vc_row][vc_column][vc_column_text]<\/p>\n<p>[\/vc_column_text][\/vc_column][\/vc_row][vc_row][vc_column][vc_column_text]<\/p>\n<p>[\/vc_column_text][\/vc_column][\/vc_row]<\/p>\n","protected":false},"excerpt":{"rendered":"<p>[vc_row full_width=&#8221;stretch_row_content_no_spaces&#8221; content_placement=&#8221;middle&#8221; css=&#8221;.vc_custom_1609704732878{margin-top: 0px !important;margin-right: 0px !important;margin-bottom: 28px !important;margin-left: 0px !important;border-top-width: 0px !important;border-right-width: 0px !important;border-bottom-width: 0px !important;border-left-width: 0px !important;padding-top:&#8230;<\/p>\n","protected":false},"author":1,"featured_media":0,"parent":0,"menu_order":0,"comment_status":"closed","ping_status":"open","template":"","meta":{"footnotes":""},"class_list":["post-5727","page","type-page","status-publish","hentry"],"_links":{"self":[{"href":"https:\/\/www.fibertecsas.com\/wp\/wp-json\/wp\/v2\/pages\/5727","targetHints":{"allow":["GET"]}}],"collection":[{"href":"https:\/\/www.fibertecsas.com\/wp\/wp-json\/wp\/v2\/pages"}],"about":[{"href":"https:\/\/www.fibertecsas.com\/wp\/wp-json\/wp\/v2\/types\/page"}],"author":[{"embeddable":true,"href":"https:\/\/www.fibertecsas.com\/wp\/wp-json\/wp\/v2\/users\/1"}],"replies":[{"embeddable":true,"href":"https:\/\/www.fibertecsas.com\/wp\/wp-json\/wp\/v2\/comments?post=5727"}],"version-history":[{"count":148,"href":"https:\/\/www.fibertecsas.com\/wp\/wp-json\/wp\/v2\/pages\/5727\/revisions"}],"predecessor-version":[{"id":12679,"href":"https:\/\/www.fibertecsas.com\/wp\/wp-json\/wp\/v2\/pages\/5727\/revisions\/12679"}],"wp:attachment":[{"href":"https:\/\/www.fibertecsas.com\/wp\/wp-json\/wp\/v2\/media?parent=5727"}],"curies":[{"name":"wp","href":"https:\/\/api.w.org\/{rel}","templated":true}]}}